{"id":23,"date":"2022-02-27T12:50:57","date_gmt":"2022-02-27T12:50:57","guid":{"rendered":"http:\/\/localhost:8888\/_paseo\/febrerostudio\/?page_id=23"},"modified":"2024-10-27T15:59:58","modified_gmt":"2024-10-27T15:59:58","slug":"home","status":"publish","type":"page","link":"https:\/\/febrerostudio.com\/en\/","title":{"rendered":"Home"},"content":{"rendered":"<p>Architecture, Branded Environments<br \/>\n&amp; Interior Design<\/p>","protected":false},"excerpt":{"rendered":"<p>Arquitectura, Branding Aplicado y Dise\u00f1o de Interiores<\/p>","protected":false},"author":1,"featured_media":0,"parent":0,"menu_order":0,"comment_status":"closed","ping_status":"closed","template":"","meta":{"_acf_changed":false,"inline_featured_image":false,"footnotes":""},"class_list":["post-23","page","type-page","status-publish","hentry"],"acf":[],"yoast_head":"<!-- This site is optimized with the Yoast SEO plugin v27.1.1 - https:\/\/yoast.com\/product\/yoast-seo-wordpress\/ -->\n<title>Home - Febrero Studio<\/title>\n<meta name=\"description\" content=\"Febrero Studio es un estudio de arquitectura y dise\u00f1o de interiores fundado por Mercedes Gonzalez Ballesteros y Jes\u00fas D\u00edaz Osuna en Madrid.\" \/>\n<meta name=\"robots\" content=\"index, follow, max-snippet:-1, max-image-preview:large, max-video-preview:-1\" \/>\n<link rel=\"canonical\" href=\"https:\/\/febrerostudio.com\/en\/\" \/>\n<meta property=\"og:locale\" content=\"en_US\" \/>\n<meta property=\"og:type\" content=\"article\" \/>\n<meta property=\"og:title\" content=\"Home - Febrero Studio\" \/>\n<meta property=\"og:description\" content=\"Febrero Studio es un estudio de arquitectura y dise\u00f1o de interiores fundado por Mercedes Gonzalez Ballesteros y Jes\u00fas D\u00edaz Osuna en Madrid.\" \/>\n<meta property=\"og:url\" content=\"https:\/\/febrerostudio.com\/en\/\" \/>\n<meta property=\"og:site_name\" content=\"Febrero Studio\" \/>\n<meta property=\"article:modified_time\" content=\"2024-10-27T15:59:58+00:00\" \/>\n<meta name=\"twitter:card\" content=\"summary_large_image\" \/>\n<meta name=\"twitter:label1\" content=\"Est. reading time\" \/>\n\t<meta name=\"twitter:data1\" content=\"1 minute\" \/>\n<script type=\"application\/ld+json\" class=\"yoast-schema-graph\">{\"@context\":\"https:\/\/schema.org\",\"@graph\":[{\"@type\":\"WebPage\",\"@id\":\"https:\/\/febrerostudio.com\/\",\"url\":\"https:\/\/febrerostudio.com\/\",\"name\":\"Home - Febrero Studio\",\"isPartOf\":{\"@id\":\"https:\/\/febrerostudio.com\/#website\"},\"datePublished\":\"2022-02-27T12:50:57+00:00\",\"dateModified\":\"2024-10-27T15:59:58+00:00\",\"description\":\"Febrero Studio es un estudio de arquitectura y dise\u00f1o de interiores fundado por Mercedes Gonzalez Ballesteros y Jes\u00fas D\u00edaz Osuna en Madrid.\",\"breadcrumb\":{\"@id\":\"https:\/\/febrerostudio.com\/#breadcrumb\"},\"inLanguage\":\"en-US\",\"potentialAction\":[{\"@type\":\"ReadAction\",\"target\":[\"https:\/\/febrerostudio.com\/\"]}]},{\"@type\":\"BreadcrumbList\",\"@id\":\"https:\/\/febrerostudio.com\/#breadcrumb\",\"itemListElement\":[{\"@type\":\"ListItem\",\"position\":1,\"name\":\"Portada\",\"item\":\"https:\/\/febrerostudio.com\/\"},{\"@type\":\"ListItem\",\"position\":2,\"name\":\"Home\"}]},{\"@type\":\"WebSite\",\"@id\":\"https:\/\/febrerostudio.com\/#website\",\"url\":\"https:\/\/febrerostudio.com\/\",\"name\":\"Febrero Studio\",\"description\":\"Estudio de arquitectura\",\"potentialAction\":[{\"@type\":\"SearchAction\",\"target\":{\"@type\":\"EntryPoint\",\"urlTemplate\":\"https:\/\/febrerostudio.com\/?s={search_term_string}\"},\"query-input\":{\"@type\":\"PropertyValueSpecification\",\"valueRequired\":true,\"valueName\":\"search_term_string\"}}],\"inLanguage\":\"en-US\"}]}<\/script>\n<!-- \/ Yoast SEO plugin. -->","yoast_head_json":{"title":"Home - Febrero Studio","description":"Febrero Studio es un estudio de arquitectura y dise\u00f1o de interiores fundado por Mercedes Gonzalez Ballesteros y Jes\u00fas D\u00edaz Osuna en Madrid.","robots":{"index":"index","follow":"follow","max-snippet":"max-snippet:-1","max-image-preview":"max-image-preview:large","max-video-preview":"max-video-preview:-1"},"canonical":"https:\/\/febrerostudio.com\/en\/","og_locale":"en_US","og_type":"article","og_title":"Home - Febrero Studio","og_description":"Febrero Studio es un estudio de arquitectura y dise\u00f1o de interiores fundado por Mercedes Gonzalez Ballesteros y Jes\u00fas D\u00edaz Osuna en Madrid.","og_url":"https:\/\/febrerostudio.com\/en\/","og_site_name":"Febrero Studio","article_modified_time":"2024-10-27T15:59:58+00:00","twitter_card":"summary_large_image","twitter_misc":{"Est. reading time":"1 minute"},"schema":{"@context":"https:\/\/schema.org","@graph":[{"@type":"WebPage","@id":"https:\/\/febrerostudio.com\/","url":"https:\/\/febrerostudio.com\/","name":"Home - Febrero Studio","isPartOf":{"@id":"https:\/\/febrerostudio.com\/#website"},"datePublished":"2022-02-27T12:50:57+00:00","dateModified":"2024-10-27T15:59:58+00:00","description":"Febrero Studio es un estudio de arquitectura y dise\u00f1o de interiores fundado por Mercedes Gonzalez Ballesteros y Jes\u00fas D\u00edaz Osuna en Madrid.","breadcrumb":{"@id":"https:\/\/febrerostudio.com\/#breadcrumb"},"inLanguage":"en-US","potentialAction":[{"@type":"ReadAction","target":["https:\/\/febrerostudio.com\/"]}]},{"@type":"BreadcrumbList","@id":"https:\/\/febrerostudio.com\/#breadcrumb","itemListElement":[{"@type":"ListItem","position":1,"name":"Portada","item":"https:\/\/febrerostudio.com\/"},{"@type":"ListItem","position":2,"name":"Home"}]},{"@type":"WebSite","@id":"https:\/\/febrerostudio.com\/#website","url":"https:\/\/febrerostudio.com\/","name":"Febrero Studio","description":"Estudio de arquitectura","potentialAction":[{"@type":"SearchAction","target":{"@type":"EntryPoint","urlTemplate":"https:\/\/febrerostudio.com\/?s={search_term_string}"},"query-input":{"@type":"PropertyValueSpecification","valueRequired":true,"valueName":"search_term_string"}}],"inLanguage":"en-US"}]}},"_links":{"self":[{"href":"https:\/\/febrerostudio.com\/en\/wp-json\/wp\/v2\/pages\/23","targetHints":{"allow":["GET"]}}],"collection":[{"href":"https:\/\/febrerostudio.com\/en\/wp-json\/wp\/v2\/pages"}],"about":[{"href":"https:\/\/febrerostudio.com\/en\/wp-json\/wp\/v2\/types\/page"}],"author":[{"embeddable":true,"href":"https:\/\/febrerostudio.com\/en\/wp-json\/wp\/v2\/users\/1"}],"replies":[{"embeddable":true,"href":"https:\/\/febrerostudio.com\/en\/wp-json\/wp\/v2\/comments?post=23"}],"version-history":[{"count":31,"href":"https:\/\/febrerostudio.com\/en\/wp-json\/wp\/v2\/pages\/23\/revisions"}],"predecessor-version":[{"id":1349,"href":"https:\/\/febrerostudio.com\/en\/wp-json\/wp\/v2\/pages\/23\/revisions\/1349"}],"wp:attachment":[{"href":"https:\/\/febrerostudio.com\/en\/wp-json\/wp\/v2\/media?parent=23"}],"curies":[{"name":"wp","href":"https:\/\/api.w.org\/{rel}","templated":true}]}}